{"id":182,"date":"2025-01-22T11:25:11","date_gmt":"2025-01-22T10:25:11","guid":{"rendered":"https:\/\/spiaggia.nanobrasserie.com\/la-spiaggia\/"},"modified":"2025-06-24T22:03:24","modified_gmt":"2025-06-24T20:03:24","slug":"la-spiaggia","status":"publish","type":"page","link":"https:\/\/laspiaggia-canet.com\/es\/","title":{"rendered":"La Spiaggia"},"content":{"rendered":"<p>La Spiaggia es tu <strong>restaurante y club de playa<\/strong> en Canet-en-Roussillon: un lugar elegante y relajante dise\u00f1ado para aprovechar al m\u00e1ximo cada momento junto al agua.<\/p>\n<p>Situado en <strong>Canet Sud<\/strong>, ligeramente apartado del centro de la ciudad, ofrece <strong>una vista impresionante del Mediterr\u00e1neo y los Pirineos<\/strong> mientras disfrutas del generoso sol hasta los \u00faltimos rayos.<\/p>\n<p>Una atm\u00f3sfera natural, calor humano y decoraci\u00f3n chic y bohemia: tu tiempo con amigos, familia o seres queridos se convierte en un descanso verdaderamente encantado.<\/p>\n<p>Ponte en contacto con nuestro equipo ahora para planificar tu visita.<\/p>\n","protected":false},"excerpt":{"rendered":"<p>La Spiaggia es tu restaurante y club de playa en Canet-en-Roussillon: un lugar elegante y relajante dise\u00f1ado para aprovechar al m\u00e1ximo cada momento junto al agua. Situado en Canet Sud, ligeramente apartado del centro de la ciudad, ofrece una vista impresionante del Mediterr\u00e1neo y los Pirineos mientras disfrutas del generoso sol hasta los \u00faltimos rayos. [&hellip;]<\/p>\n","protected":false},"author":1,"featured_media":0,"parent":0,"menu_order":0,"comment_status":"closed","ping_status":"open","template":"front-page.php","meta":{"_acf_changed":false,"footnotes":""},"class_list":["post-182","page","type-page","status-publish","hentry"],"acf":[],"yoast_head":"<!-- This site is optimized with the Yoast SEO plugin v25.0 - https:\/\/yoast.com\/wordpress\/plugins\/seo\/ -->\n<title>La Spiaggia - La Spiaggia<\/title>\n<meta name=\"description\" content=\"Elegante, relajante, bohemio y decididamente mediterr\u00e1neo, con toques de cocina italiana....&quot; LA SPIAGGIA&quot; presume de un ambiente natural, familiar y c\u00e1lido, que combina elegancia y relajaci\u00f3n en armon\u00eda. Situado en Canet Sud, lejos del centro de la ciudad, disfrutar\u00e1s de un lugar donde relajarte y disfrutar de la tranquilidad con tu familia, amigos o seres queridos...\" \/>\n<meta name=\"robots\" content=\"index, follow, max-snippet:-1, max-image-preview:large, max-video-preview:-1\" \/>\n<link rel=\"canonical\" href=\"https:\/\/laspiaggia-canet.com\/es\/\" \/>\n<meta property=\"og:locale\" content=\"es_ES\" \/>\n<meta property=\"og:type\" content=\"article\" \/>\n<meta property=\"og:title\" content=\"La Spiaggia - La Spiaggia\" \/>\n<meta property=\"og:description\" content=\"Elegante, relajante, bohemio y decididamente mediterr\u00e1neo, con toques de cocina italiana....&quot; LA SPIAGGIA&quot; presume de un ambiente natural, familiar y c\u00e1lido, que combina elegancia y relajaci\u00f3n en armon\u00eda. Situado en Canet Sud, lejos del centro de la ciudad, disfrutar\u00e1s de un lugar donde relajarte y disfrutar de la tranquilidad con tu familia, amigos o seres queridos...\" \/>\n<meta property=\"og:url\" content=\"https:\/\/laspiaggia-canet.com\/es\/\" \/>\n<meta property=\"og:site_name\" content=\"La Spiaggia\" \/>\n<meta property=\"article:modified_time\" content=\"2025-06-24T20:03:24+00:00\" \/>\n<meta name=\"twitter:card\" content=\"summary_large_image\" \/>\n<script type=\"application\/ld+json\" class=\"yoast-schema-graph\">{\"@context\":\"https:\/\/schema.org\",\"@graph\":[{\"@type\":\"WebPage\",\"@id\":\"https:\/\/laspiaggia-canet.com\/es\/\",\"url\":\"https:\/\/laspiaggia-canet.com\/es\/\",\"name\":\"La Spiaggia - La Spiaggia\",\"isPartOf\":{\"@id\":\"https:\/\/laspiaggia-canet.com\/es\/#website\"},\"datePublished\":\"2025-01-22T10:25:11+00:00\",\"dateModified\":\"2025-06-24T20:03:24+00:00\",\"description\":\"Elegante, relajante, bohemio y decididamente mediterr\u00e1neo, con toques de cocina italiana....\\\" LA SPIAGGIA\\\" presume de un ambiente natural, familiar y c\u00e1lido, que combina elegancia y relajaci\u00f3n en armon\u00eda. Situado en Canet Sud, lejos del centro de la ciudad, disfrutar\u00e1s de un lugar donde relajarte y disfrutar de la tranquilidad con tu familia, amigos o seres queridos...\",\"breadcrumb\":{\"@id\":\"https:\/\/laspiaggia-canet.com\/es\/#breadcrumb\"},\"inLanguage\":\"es\",\"potentialAction\":[{\"@type\":\"ReadAction\",\"target\":[\"https:\/\/laspiaggia-canet.com\/es\/\"]}]},{\"@type\":\"BreadcrumbList\",\"@id\":\"https:\/\/laspiaggia-canet.com\/es\/#breadcrumb\",\"itemListElement\":[{\"@type\":\"ListItem\",\"position\":1,\"name\":\"Accueil\",\"item\":\"https:\/\/laspiaggia-canet.com\/es\/la-spiaggia\/\"},{\"@type\":\"ListItem\",\"position\":2,\"name\":\"La Spiaggia\"}]},{\"@type\":\"WebSite\",\"@id\":\"https:\/\/laspiaggia-canet.com\/es\/#website\",\"url\":\"https:\/\/laspiaggia-canet.com\/es\/\",\"name\":\"La Spiaggia\",\"description\":\"\",\"publisher\":{\"@id\":\"https:\/\/laspiaggia-canet.com\/es\/#organization\"},\"potentialAction\":[{\"@type\":\"SearchAction\",\"target\":{\"@type\":\"EntryPoint\",\"urlTemplate\":\"https:\/\/laspiaggia-canet.com\/es\/?s={search_term_string}\"},\"query-input\":{\"@type\":\"PropertyValueSpecification\",\"valueRequired\":true,\"valueName\":\"search_term_string\"}}],\"inLanguage\":\"es\"},{\"@type\":\"Organization\",\"@id\":\"https:\/\/laspiaggia-canet.com\/es\/#organization\",\"name\":\"La Spiaggia\",\"url\":\"https:\/\/laspiaggia-canet.com\/es\/\",\"logo\":{\"@type\":\"ImageObject\",\"inLanguage\":\"es\",\"@id\":\"https:\/\/laspiaggia-canet.com\/es\/#\/schema\/logo\/image\/\",\"url\":\"http:\/\/spiaggia.nanobrasserie.com\/wp-content\/uploads\/2025\/01\/logo.png\",\"contentUrl\":\"http:\/\/spiaggia.nanobrasserie.com\/wp-content\/uploads\/2025\/01\/logo.png\",\"width\":2447,\"height\":1204,\"caption\":\"La Spiaggia\"},\"image\":{\"@id\":\"https:\/\/laspiaggia-canet.com\/es\/#\/schema\/logo\/image\/\"}}]}<\/script>\n<!-- \/ Yoast SEO plugin. -->","yoast_head_json":{"title":"La Spiaggia - La Spiaggia","description":"Elegante, relajante, bohemio y decididamente mediterr\u00e1neo, con toques de cocina italiana....\" LA SPIAGGIA\" presume de un ambiente natural, familiar y c\u00e1lido, que combina elegancia y relajaci\u00f3n en armon\u00eda. Situado en Canet Sud, lejos del centro de la ciudad, disfrutar\u00e1s de un lugar donde relajarte y disfrutar de la tranquilidad con tu familia, amigos o seres queridos...","robots":{"index":"index","follow":"follow","max-snippet":"max-snippet:-1","max-image-preview":"max-image-preview:large","max-video-preview":"max-video-preview:-1"},"canonical":"https:\/\/laspiaggia-canet.com\/es\/","og_locale":"es_ES","og_type":"article","og_title":"La Spiaggia - La Spiaggia","og_description":"Elegante, relajante, bohemio y decididamente mediterr\u00e1neo, con toques de cocina italiana....\" LA SPIAGGIA\" presume de un ambiente natural, familiar y c\u00e1lido, que combina elegancia y relajaci\u00f3n en armon\u00eda. Situado en Canet Sud, lejos del centro de la ciudad, disfrutar\u00e1s de un lugar donde relajarte y disfrutar de la tranquilidad con tu familia, amigos o seres queridos...","og_url":"https:\/\/laspiaggia-canet.com\/es\/","og_site_name":"La Spiaggia","article_modified_time":"2025-06-24T20:03:24+00:00","twitter_card":"summary_large_image","schema":{"@context":"https:\/\/schema.org","@graph":[{"@type":"WebPage","@id":"https:\/\/laspiaggia-canet.com\/es\/","url":"https:\/\/laspiaggia-canet.com\/es\/","name":"La Spiaggia - La Spiaggia","isPartOf":{"@id":"https:\/\/laspiaggia-canet.com\/es\/#website"},"datePublished":"2025-01-22T10:25:11+00:00","dateModified":"2025-06-24T20:03:24+00:00","description":"Elegante, relajante, bohemio y decididamente mediterr\u00e1neo, con toques de cocina italiana....\" LA SPIAGGIA\" presume de un ambiente natural, familiar y c\u00e1lido, que combina elegancia y relajaci\u00f3n en armon\u00eda. Situado en Canet Sud, lejos del centro de la ciudad, disfrutar\u00e1s de un lugar donde relajarte y disfrutar de la tranquilidad con tu familia, amigos o seres queridos...","breadcrumb":{"@id":"https:\/\/laspiaggia-canet.com\/es\/#breadcrumb"},"inLanguage":"es","potentialAction":[{"@type":"ReadAction","target":["https:\/\/laspiaggia-canet.com\/es\/"]}]},{"@type":"BreadcrumbList","@id":"https:\/\/laspiaggia-canet.com\/es\/#breadcrumb","itemListElement":[{"@type":"ListItem","position":1,"name":"Accueil","item":"https:\/\/laspiaggia-canet.com\/es\/la-spiaggia\/"},{"@type":"ListItem","position":2,"name":"La Spiaggia"}]},{"@type":"WebSite","@id":"https:\/\/laspiaggia-canet.com\/es\/#website","url":"https:\/\/laspiaggia-canet.com\/es\/","name":"La Spiaggia","description":"","publisher":{"@id":"https:\/\/laspiaggia-canet.com\/es\/#organization"},"potentialAction":[{"@type":"SearchAction","target":{"@type":"EntryPoint","urlTemplate":"https:\/\/laspiaggia-canet.com\/es\/?s={search_term_string}"},"query-input":{"@type":"PropertyValueSpecification","valueRequired":true,"valueName":"search_term_string"}}],"inLanguage":"es"},{"@type":"Organization","@id":"https:\/\/laspiaggia-canet.com\/es\/#organization","name":"La Spiaggia","url":"https:\/\/laspiaggia-canet.com\/es\/","logo":{"@type":"ImageObject","inLanguage":"es","@id":"https:\/\/laspiaggia-canet.com\/es\/#\/schema\/logo\/image\/","url":"http:\/\/spiaggia.nanobrasserie.com\/wp-content\/uploads\/2025\/01\/logo.png","contentUrl":"http:\/\/spiaggia.nanobrasserie.com\/wp-content\/uploads\/2025\/01\/logo.png","width":2447,"height":1204,"caption":"La Spiaggia"},"image":{"@id":"https:\/\/laspiaggia-canet.com\/es\/#\/schema\/logo\/image\/"}}]}},"_links":{"self":[{"href":"https:\/\/laspiaggia-canet.com\/es\/wp-json\/wp\/v2\/pages\/182","targetHints":{"allow":["GET"]}}],"collection":[{"href":"https:\/\/laspiaggia-canet.com\/es\/wp-json\/wp\/v2\/pages"}],"about":[{"href":"https:\/\/laspiaggia-canet.com\/es\/wp-json\/wp\/v2\/types\/page"}],"author":[{"embeddable":true,"href":"https:\/\/laspiaggia-canet.com\/es\/wp-json\/wp\/v2\/users\/1"}],"replies":[{"embeddable":true,"href":"https:\/\/laspiaggia-canet.com\/es\/wp-json\/wp\/v2\/comments?post=182"}],"version-history":[{"count":5,"href":"https:\/\/laspiaggia-canet.com\/es\/wp-json\/wp\/v2\/pages\/182\/revisions"}],"predecessor-version":[{"id":242,"href":"https:\/\/laspiaggia-canet.com\/es\/wp-json\/wp\/v2\/pages\/182\/revisions\/242"}],"wp:attachment":[{"href":"https:\/\/laspiaggia-canet.com\/es\/wp-json\/wp\/v2\/media?parent=182"}],"curies":[{"name":"wp","href":"https:\/\/api.w.org\/{rel}","templated":true}]}}