{"id":183,"date":"2025-01-22T12:38:16","date_gmt":"2025-01-22T11:38:16","guid":{"rendered":"https:\/\/spiaggia.nanobrasserie.com\/el-restaurante\/"},"modified":"2025-06-05T19:02:49","modified_gmt":"2025-06-05T17:02:49","slug":"el-restaurante","status":"publish","type":"page","link":"https:\/\/laspiaggia-canet.com\/es\/el-restaurante\/","title":{"rendered":"El restaurante"},"content":{"rendered":"<p>La Spiaggia celebra el encuentro entre el Mediterr\u00e1neo e Italia, en un entorno bohemio-chic ba\u00f1ado por la luz. En la mesa, las recetas familiares ofrecen un giro contempor\u00e1neo sin perder un \u00e1pice de su generosidad.<\/p>\n<p>Cada plato combina un producto rigurosamente seleccionado con un gesto aut\u00e9ntico, para una experiencia que sigue siendo accesible sin comprometer la calidad.<\/p>\n<p>\u00bfQuieres disfrutar de este interludio italiano con los pies en la arena?<\/p>\n<p>La dolce vita te espera en Canet-en-Roussillon.<\/p>\n","protected":false},"excerpt":{"rendered":"<p>La Spiaggia celebra el encuentro entre el Mediterr\u00e1neo e Italia, en un entorno bohemio-chic ba\u00f1ado por la luz. En la mesa, las recetas familiares ofrecen un giro contempor\u00e1neo sin perder un \u00e1pice de su generosidad. Cada plato combina un producto rigurosamente seleccionado con un gesto aut\u00e9ntico, para una experiencia que sigue siendo accesible sin comprometer [&hellip;]<\/p>\n","protected":false},"author":1,"featured_media":249,"parent":0,"menu_order":0,"comment_status":"closed","ping_status":"closed","template":"restaurant.php","meta":{"_acf_changed":false,"footnotes":""},"class_list":["post-183","page","type-page","status-publish","has-post-thumbnail","hentry"],"acf":[],"yoast_head":"<!-- This site is optimized with the Yoast SEO plugin v25.0 - https:\/\/yoast.com\/wordpress\/plugins\/seo\/ -->\n<title>El restaurante - La Spiaggia<\/title>\n<meta name=\"robots\" content=\"index, follow, max-snippet:-1, max-image-preview:large, max-video-preview:-1\" \/>\n<link rel=\"canonical\" href=\"https:\/\/laspiaggia-canet.com\/es\/el-restaurante\/\" \/>\n<meta property=\"og:locale\" content=\"es_ES\" \/>\n<meta property=\"og:type\" content=\"article\" \/>\n<meta property=\"og:title\" content=\"El restaurante - La Spiaggia\" \/>\n<meta property=\"og:description\" content=\"La Spiaggia celebra el encuentro entre el Mediterr\u00e1neo e Italia, en un entorno bohemio-chic ba\u00f1ado por la luz. En la mesa, las recetas familiares ofrecen un giro contempor\u00e1neo sin perder un \u00e1pice de su generosidad. Cada plato combina un producto rigurosamente seleccionado con un gesto aut\u00e9ntico, para una experiencia que sigue siendo accesible sin comprometer [&hellip;]\" \/>\n<meta property=\"og:url\" content=\"https:\/\/laspiaggia-canet.com\/es\/el-restaurante\/\" \/>\n<meta property=\"og:site_name\" content=\"La Spiaggia\" \/>\n<meta property=\"article:modified_time\" content=\"2025-06-05T17:02:49+00:00\" \/>\n<meta property=\"og:image\" content=\"https:\/\/laspiaggia-canet.com\/wp-content\/uploads\/2025\/05\/Restaurant_opti-scaled.jpeg\" \/>\n\t<meta property=\"og:image:width\" content=\"2560\" \/>\n\t<meta property=\"og:image:height\" content=\"1707\" \/>\n\t<meta property=\"og:image:type\" content=\"image\/jpeg\" \/>\n<meta name=\"twitter:card\" content=\"summary_large_image\" \/>\n<script type=\"application\/ld+json\" class=\"yoast-schema-graph\">{\"@context\":\"https:\/\/schema.org\",\"@graph\":[{\"@type\":\"WebPage\",\"@id\":\"https:\/\/laspiaggia-canet.com\/es\/el-restaurante\/\",\"url\":\"https:\/\/laspiaggia-canet.com\/es\/el-restaurante\/\",\"name\":\"El restaurante - La Spiaggia\",\"isPartOf\":{\"@id\":\"https:\/\/laspiaggia-canet.com\/es\/#website\"},\"primaryImageOfPage\":{\"@id\":\"https:\/\/laspiaggia-canet.com\/es\/el-restaurante\/#primaryimage\"},\"image\":{\"@id\":\"https:\/\/laspiaggia-canet.com\/es\/el-restaurante\/#primaryimage\"},\"thumbnailUrl\":\"https:\/\/laspiaggia-canet.com\/wp-content\/uploads\/2025\/05\/Restaurant_opti-scaled.jpeg\",\"datePublished\":\"2025-01-22T11:38:16+00:00\",\"dateModified\":\"2025-06-05T17:02:49+00:00\",\"breadcrumb\":{\"@id\":\"https:\/\/laspiaggia-canet.com\/es\/el-restaurante\/#breadcrumb\"},\"inLanguage\":\"es\",\"potentialAction\":[{\"@type\":\"ReadAction\",\"target\":[\"https:\/\/laspiaggia-canet.com\/es\/el-restaurante\/\"]}]},{\"@type\":\"ImageObject\",\"inLanguage\":\"es\",\"@id\":\"https:\/\/laspiaggia-canet.com\/es\/el-restaurante\/#primaryimage\",\"url\":\"https:\/\/laspiaggia-canet.com\/wp-content\/uploads\/2025\/05\/Restaurant_opti-scaled.jpeg\",\"contentUrl\":\"https:\/\/laspiaggia-canet.com\/wp-content\/uploads\/2025\/05\/Restaurant_opti-scaled.jpeg\",\"width\":2560,\"height\":1707},{\"@type\":\"BreadcrumbList\",\"@id\":\"https:\/\/laspiaggia-canet.com\/es\/el-restaurante\/#breadcrumb\",\"itemListElement\":[{\"@type\":\"ListItem\",\"position\":1,\"name\":\"Accueil\",\"item\":\"https:\/\/laspiaggia-canet.com\/es\/la-spiaggia\/\"},{\"@type\":\"ListItem\",\"position\":2,\"name\":\"El restaurante\"}]},{\"@type\":\"WebSite\",\"@id\":\"https:\/\/laspiaggia-canet.com\/es\/#website\",\"url\":\"https:\/\/laspiaggia-canet.com\/es\/\",\"name\":\"La Spiaggia\",\"description\":\"\",\"publisher\":{\"@id\":\"https:\/\/laspiaggia-canet.com\/es\/#organization\"},\"potentialAction\":[{\"@type\":\"SearchAction\",\"target\":{\"@type\":\"EntryPoint\",\"urlTemplate\":\"https:\/\/laspiaggia-canet.com\/es\/?s={search_term_string}\"},\"query-input\":{\"@type\":\"PropertyValueSpecification\",\"valueRequired\":true,\"valueName\":\"search_term_string\"}}],\"inLanguage\":\"es\"},{\"@type\":\"Organization\",\"@id\":\"https:\/\/laspiaggia-canet.com\/es\/#organization\",\"name\":\"La Spiaggia\",\"url\":\"https:\/\/laspiaggia-canet.com\/es\/\",\"logo\":{\"@type\":\"ImageObject\",\"inLanguage\":\"es\",\"@id\":\"https:\/\/laspiaggia-canet.com\/es\/#\/schema\/logo\/image\/\",\"url\":\"http:\/\/spiaggia.nanobrasserie.com\/wp-content\/uploads\/2025\/01\/logo.png\",\"contentUrl\":\"http:\/\/spiaggia.nanobrasserie.com\/wp-content\/uploads\/2025\/01\/logo.png\",\"width\":2447,\"height\":1204,\"caption\":\"La Spiaggia\"},\"image\":{\"@id\":\"https:\/\/laspiaggia-canet.com\/es\/#\/schema\/logo\/image\/\"}}]}<\/script>\n<!-- \/ Yoast SEO plugin. -->","yoast_head_json":{"title":"El restaurante - La Spiaggia","robots":{"index":"index","follow":"follow","max-snippet":"max-snippet:-1","max-image-preview":"max-image-preview:large","max-video-preview":"max-video-preview:-1"},"canonical":"https:\/\/laspiaggia-canet.com\/es\/el-restaurante\/","og_locale":"es_ES","og_type":"article","og_title":"El restaurante - La Spiaggia","og_description":"La Spiaggia celebra el encuentro entre el Mediterr\u00e1neo e Italia, en un entorno bohemio-chic ba\u00f1ado por la luz. En la mesa, las recetas familiares ofrecen un giro contempor\u00e1neo sin perder un \u00e1pice de su generosidad. Cada plato combina un producto rigurosamente seleccionado con un gesto aut\u00e9ntico, para una experiencia que sigue siendo accesible sin comprometer [&hellip;]","og_url":"https:\/\/laspiaggia-canet.com\/es\/el-restaurante\/","og_site_name":"La Spiaggia","article_modified_time":"2025-06-05T17:02:49+00:00","og_image":[{"width":2560,"height":1707,"url":"https:\/\/laspiaggia-canet.com\/wp-content\/uploads\/2025\/05\/Restaurant_opti-scaled.jpeg","type":"image\/jpeg"}],"twitter_card":"summary_large_image","schema":{"@context":"https:\/\/schema.org","@graph":[{"@type":"WebPage","@id":"https:\/\/laspiaggia-canet.com\/es\/el-restaurante\/","url":"https:\/\/laspiaggia-canet.com\/es\/el-restaurante\/","name":"El restaurante - La Spiaggia","isPartOf":{"@id":"https:\/\/laspiaggia-canet.com\/es\/#website"},"primaryImageOfPage":{"@id":"https:\/\/laspiaggia-canet.com\/es\/el-restaurante\/#primaryimage"},"image":{"@id":"https:\/\/laspiaggia-canet.com\/es\/el-restaurante\/#primaryimage"},"thumbnailUrl":"https:\/\/laspiaggia-canet.com\/wp-content\/uploads\/2025\/05\/Restaurant_opti-scaled.jpeg","datePublished":"2025-01-22T11:38:16+00:00","dateModified":"2025-06-05T17:02:49+00:00","breadcrumb":{"@id":"https:\/\/laspiaggia-canet.com\/es\/el-restaurante\/#breadcrumb"},"inLanguage":"es","potentialAction":[{"@type":"ReadAction","target":["https:\/\/laspiaggia-canet.com\/es\/el-restaurante\/"]}]},{"@type":"ImageObject","inLanguage":"es","@id":"https:\/\/laspiaggia-canet.com\/es\/el-restaurante\/#primaryimage","url":"https:\/\/laspiaggia-canet.com\/wp-content\/uploads\/2025\/05\/Restaurant_opti-scaled.jpeg","contentUrl":"https:\/\/laspiaggia-canet.com\/wp-content\/uploads\/2025\/05\/Restaurant_opti-scaled.jpeg","width":2560,"height":1707},{"@type":"BreadcrumbList","@id":"https:\/\/laspiaggia-canet.com\/es\/el-restaurante\/#breadcrumb","itemListElement":[{"@type":"ListItem","position":1,"name":"Accueil","item":"https:\/\/laspiaggia-canet.com\/es\/la-spiaggia\/"},{"@type":"ListItem","position":2,"name":"El restaurante"}]},{"@type":"WebSite","@id":"https:\/\/laspiaggia-canet.com\/es\/#website","url":"https:\/\/laspiaggia-canet.com\/es\/","name":"La Spiaggia","description":"","publisher":{"@id":"https:\/\/laspiaggia-canet.com\/es\/#organization"},"potentialAction":[{"@type":"SearchAction","target":{"@type":"EntryPoint","urlTemplate":"https:\/\/laspiaggia-canet.com\/es\/?s={search_term_string}"},"query-input":{"@type":"PropertyValueSpecification","valueRequired":true,"valueName":"search_term_string"}}],"inLanguage":"es"},{"@type":"Organization","@id":"https:\/\/laspiaggia-canet.com\/es\/#organization","name":"La Spiaggia","url":"https:\/\/laspiaggia-canet.com\/es\/","logo":{"@type":"ImageObject","inLanguage":"es","@id":"https:\/\/laspiaggia-canet.com\/es\/#\/schema\/logo\/image\/","url":"http:\/\/spiaggia.nanobrasserie.com\/wp-content\/uploads\/2025\/01\/logo.png","contentUrl":"http:\/\/spiaggia.nanobrasserie.com\/wp-content\/uploads\/2025\/01\/logo.png","width":2447,"height":1204,"caption":"La Spiaggia"},"image":{"@id":"https:\/\/laspiaggia-canet.com\/es\/#\/schema\/logo\/image\/"}}]}},"_links":{"self":[{"href":"https:\/\/laspiaggia-canet.com\/es\/wp-json\/wp\/v2\/pages\/183","targetHints":{"allow":["GET"]}}],"collection":[{"href":"https:\/\/laspiaggia-canet.com\/es\/wp-json\/wp\/v2\/pages"}],"about":[{"href":"https:\/\/laspiaggia-canet.com\/es\/wp-json\/wp\/v2\/types\/page"}],"author":[{"embeddable":true,"href":"https:\/\/laspiaggia-canet.com\/es\/wp-json\/wp\/v2\/users\/1"}],"replies":[{"embeddable":true,"href":"https:\/\/laspiaggia-canet.com\/es\/wp-json\/wp\/v2\/comments?post=183"}],"version-history":[{"count":2,"href":"https:\/\/laspiaggia-canet.com\/es\/wp-json\/wp\/v2\/pages\/183\/revisions"}],"predecessor-version":[{"id":296,"href":"https:\/\/laspiaggia-canet.com\/es\/wp-json\/wp\/v2\/pages\/183\/revisions\/296"}],"wp:featuredmedia":[{"embeddable":true,"href":"https:\/\/laspiaggia-canet.com\/es\/wp-json\/wp\/v2\/media\/249"}],"wp:attachment":[{"href":"https:\/\/laspiaggia-canet.com\/es\/wp-json\/wp\/v2\/media?parent=183"}],"curies":[{"name":"wp","href":"https:\/\/api.w.org\/{rel}","templated":true}]}}