{"id":184,"date":"2025-01-22T11:25:11","date_gmt":"2025-01-22T10:25:11","guid":{"rendered":"https:\/\/spiaggia.nanobrasserie.com\/informacion-legal\/"},"modified":"2025-04-23T14:54:29","modified_gmt":"2025-04-23T12:54:29","slug":"informacion-legal","status":"publish","type":"page","link":"https:\/\/laspiaggia-canet.com\/es\/informacion-legal\/","title":{"rendered":"Informaci\u00f3n legal"},"content":{"rendered":"<h2>1. Editor del sitio<\/h2>\n<p>Este sitio web est\u00e1 editado por SCH PLAGE, sociedad an\u00f3nima inscrita en el Registro Mercantil de Perpi\u00f1\u00e1n con el n\u00famero 828 920 801, con domicilio social en 12 Promenade de la C\u00f4te Radieuse, 66140 Canet-en-Roussillon.<br \/>\nSi tienes alguna pregunta, ponte en contacto con nosotros:<br \/>\n\u25cf por tel\u00e9fono: 0630736783<br \/>\n\u25cf por correo electr\u00f3nico: laspiaggia66@gmail.com<br \/>\n2. Dise\u00f1o y alojamiento Dise\u00f1o y alojamiento<br \/>\nEl sitio est\u00e1 alojado en OVHcloud, 2 rue Kellermann, 59100 Roubaix &#8211; Francia, tel. 1007.<br \/>\nFue dise\u00f1ado y desarrollado por SCH PLAGE.<\/p>\n<h2>3. Derechos de propiedad intelectual<\/h2>\n<p>Todo el contenido de este sitio (textos, fotograf\u00edas, logotipos, ilustraciones, v\u00eddeos, archivos descargables, base de datos, carta gr\u00e1fica, etc.) est\u00e1 protegido por derechos de autor y, m\u00e1s ampliamente, por disposiciones relativas a la propiedad intelectual.<br \/>\nCualquier reproducci\u00f3n, representaci\u00f3n, adaptaci\u00f3n o utilizaci\u00f3n, total o parcial, que no sea para consulta privada, est\u00e1 estrictamente prohibida sin la autorizaci\u00f3n previa por escrito de SCH PLAGE.<\/p>\n<h2>4. Responsabilidad<\/h2>\n<p>Nos esforzamos por proporcionar informaci\u00f3n precisa y actualizada; sin embargo, SCH PLAGE no se hace responsable de los errores, omisiones o resultados que puedan obtenerse de un uso inadecuado de esta informaci\u00f3n.<br \/>\nLos enlaces externos se facilitan \u00fanicamente con fines informativos; SCH PLAGE no tiene control sobre su contenido y no acepta responsabilidad alguna por la informaci\u00f3n que contengan.<\/p>\n<h2>5. Protecci\u00f3n de datos personales<\/h2>\n<p>SCH PLAGE concede especial importancia a la protecci\u00f3n de tus datos. Los detalles sobre c\u00f3mo recopilamos, procesamos y almacenamos tus datos personales, as\u00ed como tus derechos, se establecen en nuestra Pol\u00edtica de privacidad, a la que puedes acceder en:<br \/>\nhttps:\/\/xxx <\/p>\n<h2>6. Cookies<\/h2>\n<p>Durante tu navegaci\u00f3n, pueden colocarse cookies en tu terminal para garantizar el correcto funcionamiento del sitio, recordar tus preferencias y recopilar estad\u00edsticas an\u00f3nimas de visitas. La configuraci\u00f3n detallada y tus opciones de rechazo se describen en el banner de consentimiento y en nuestra Pol\u00edtica de Privacidad. <\/p>\n<h2>7. Fotos<\/h2>\n<p>Salvo que se indique lo contrario, las fotograf\u00edas e im\u00e1genes son propiedad exclusiva de SCH PLAGE o se utilizan con permiso de sus autores. Queda prohibida cualquier reutilizaci\u00f3n no autorizada. <\/p>\n<h2>8. Derecho aplicable<\/h2>\n<p>El presente aviso legal se rige por la legislaci\u00f3n francesa. En caso de litigio, y a falta de soluci\u00f3n amistosa, los tribunales competentes ser\u00e1n aquellos en cuya jurisdicci\u00f3n se encuentre el domicilio social de SCH PLAGE. <\/p>\n","protected":false},"excerpt":{"rendered":"<p>1. Editor del sitio Este sitio web est\u00e1 editado por SCH PLAGE, sociedad an\u00f3nima inscrita en el Registro Mercantil de Perpi\u00f1\u00e1n con el n\u00famero 828 920 801, con domicilio social en 12 Promenade de la C\u00f4te Radieuse, 66140 Canet-en-Roussillon. Si tienes alguna pregunta, ponte en contacto con nosotros: \u25cf por tel\u00e9fono: 0630736783 \u25cf por correo [&hellip;]<\/p>\n","protected":false},"author":1,"featured_media":0,"parent":0,"menu_order":0,"comment_status":"closed","ping_status":"open","template":"","meta":{"_acf_changed":false,"footnotes":""},"class_list":["post-184","page","type-page","status-publish","hentry"],"acf":[],"yoast_head":"<!-- This site is optimized with the Yoast SEO plugin v25.0 - https:\/\/yoast.com\/wordpress\/plugins\/seo\/ -->\n<title>Informaci\u00f3n legal - La Spiaggia<\/title>\n<meta name=\"robots\" content=\"index, follow, max-snippet:-1, max-image-preview:large, max-video-preview:-1\" \/>\n<link rel=\"canonical\" href=\"https:\/\/laspiaggia-canet.com\/es\/informacion-legal\/\" \/>\n<meta property=\"og:locale\" content=\"es_ES\" \/>\n<meta property=\"og:type\" content=\"article\" \/>\n<meta property=\"og:title\" content=\"Informaci\u00f3n legal - La Spiaggia\" \/>\n<meta property=\"og:description\" content=\"1. Editor del sitio Este sitio web est\u00e1 editado por SCH PLAGE, sociedad an\u00f3nima inscrita en el Registro Mercantil de Perpi\u00f1\u00e1n con el n\u00famero 828 920 801, con domicilio social en 12 Promenade de la C\u00f4te Radieuse, 66140 Canet-en-Roussillon. Si tienes alguna pregunta, ponte en contacto con nosotros: \u25cf por tel\u00e9fono: 0630736783 \u25cf por correo [&hellip;]\" \/>\n<meta property=\"og:url\" content=\"https:\/\/laspiaggia-canet.com\/es\/informacion-legal\/\" \/>\n<meta property=\"og:site_name\" content=\"La Spiaggia\" \/>\n<meta property=\"article:modified_time\" content=\"2025-04-23T12:54:29+00:00\" \/>\n<meta name=\"twitter:card\" content=\"summary_large_image\" \/>\n<meta name=\"twitter:label1\" content=\"Tiempo de lectura\" \/>\n\t<meta name=\"twitter:data1\" content=\"2 minutos\" \/>\n<script type=\"application\/ld+json\" class=\"yoast-schema-graph\">{\"@context\":\"https:\/\/schema.org\",\"@graph\":[{\"@type\":\"WebPage\",\"@id\":\"https:\/\/laspiaggia-canet.com\/es\/informacion-legal\/\",\"url\":\"https:\/\/laspiaggia-canet.com\/es\/informacion-legal\/\",\"name\":\"Informaci\u00f3n legal - La Spiaggia\",\"isPartOf\":{\"@id\":\"https:\/\/laspiaggia-canet.com\/es\/#website\"},\"datePublished\":\"2025-01-22T10:25:11+00:00\",\"dateModified\":\"2025-04-23T12:54:29+00:00\",\"breadcrumb\":{\"@id\":\"https:\/\/laspiaggia-canet.com\/es\/informacion-legal\/#breadcrumb\"},\"inLanguage\":\"es\",\"potentialAction\":[{\"@type\":\"ReadAction\",\"target\":[\"https:\/\/laspiaggia-canet.com\/es\/informacion-legal\/\"]}]},{\"@type\":\"BreadcrumbList\",\"@id\":\"https:\/\/laspiaggia-canet.com\/es\/informacion-legal\/#breadcrumb\",\"itemListElement\":[{\"@type\":\"ListItem\",\"position\":1,\"name\":\"Accueil\",\"item\":\"https:\/\/laspiaggia-canet.com\/es\/la-spiaggia\/\"},{\"@type\":\"ListItem\",\"position\":2,\"name\":\"Informaci\u00f3n legal\"}]},{\"@type\":\"WebSite\",\"@id\":\"https:\/\/laspiaggia-canet.com\/es\/#website\",\"url\":\"https:\/\/laspiaggia-canet.com\/es\/\",\"name\":\"La Spiaggia\",\"description\":\"\",\"publisher\":{\"@id\":\"https:\/\/laspiaggia-canet.com\/es\/#organization\"},\"potentialAction\":[{\"@type\":\"SearchAction\",\"target\":{\"@type\":\"EntryPoint\",\"urlTemplate\":\"https:\/\/laspiaggia-canet.com\/es\/?s={search_term_string}\"},\"query-input\":{\"@type\":\"PropertyValueSpecification\",\"valueRequired\":true,\"valueName\":\"search_term_string\"}}],\"inLanguage\":\"es\"},{\"@type\":\"Organization\",\"@id\":\"https:\/\/laspiaggia-canet.com\/es\/#organization\",\"name\":\"La Spiaggia\",\"url\":\"https:\/\/laspiaggia-canet.com\/es\/\",\"logo\":{\"@type\":\"ImageObject\",\"inLanguage\":\"es\",\"@id\":\"https:\/\/laspiaggia-canet.com\/es\/#\/schema\/logo\/image\/\",\"url\":\"http:\/\/spiaggia.nanobrasserie.com\/wp-content\/uploads\/2025\/01\/logo.png\",\"contentUrl\":\"http:\/\/spiaggia.nanobrasserie.com\/wp-content\/uploads\/2025\/01\/logo.png\",\"width\":2447,\"height\":1204,\"caption\":\"La Spiaggia\"},\"image\":{\"@id\":\"https:\/\/laspiaggia-canet.com\/es\/#\/schema\/logo\/image\/\"}}]}<\/script>\n<!-- \/ Yoast SEO plugin. -->","yoast_head_json":{"title":"Informaci\u00f3n legal - La Spiaggia","robots":{"index":"index","follow":"follow","max-snippet":"max-snippet:-1","max-image-preview":"max-image-preview:large","max-video-preview":"max-video-preview:-1"},"canonical":"https:\/\/laspiaggia-canet.com\/es\/informacion-legal\/","og_locale":"es_ES","og_type":"article","og_title":"Informaci\u00f3n legal - La Spiaggia","og_description":"1. Editor del sitio Este sitio web est\u00e1 editado por SCH PLAGE, sociedad an\u00f3nima inscrita en el Registro Mercantil de Perpi\u00f1\u00e1n con el n\u00famero 828 920 801, con domicilio social en 12 Promenade de la C\u00f4te Radieuse, 66140 Canet-en-Roussillon. Si tienes alguna pregunta, ponte en contacto con nosotros: \u25cf por tel\u00e9fono: 0630736783 \u25cf por correo [&hellip;]","og_url":"https:\/\/laspiaggia-canet.com\/es\/informacion-legal\/","og_site_name":"La Spiaggia","article_modified_time":"2025-04-23T12:54:29+00:00","twitter_card":"summary_large_image","twitter_misc":{"Tiempo de lectura":"2 minutos"},"schema":{"@context":"https:\/\/schema.org","@graph":[{"@type":"WebPage","@id":"https:\/\/laspiaggia-canet.com\/es\/informacion-legal\/","url":"https:\/\/laspiaggia-canet.com\/es\/informacion-legal\/","name":"Informaci\u00f3n legal - La Spiaggia","isPartOf":{"@id":"https:\/\/laspiaggia-canet.com\/es\/#website"},"datePublished":"2025-01-22T10:25:11+00:00","dateModified":"2025-04-23T12:54:29+00:00","breadcrumb":{"@id":"https:\/\/laspiaggia-canet.com\/es\/informacion-legal\/#breadcrumb"},"inLanguage":"es","potentialAction":[{"@type":"ReadAction","target":["https:\/\/laspiaggia-canet.com\/es\/informacion-legal\/"]}]},{"@type":"BreadcrumbList","@id":"https:\/\/laspiaggia-canet.com\/es\/informacion-legal\/#breadcrumb","itemListElement":[{"@type":"ListItem","position":1,"name":"Accueil","item":"https:\/\/laspiaggia-canet.com\/es\/la-spiaggia\/"},{"@type":"ListItem","position":2,"name":"Informaci\u00f3n legal"}]},{"@type":"WebSite","@id":"https:\/\/laspiaggia-canet.com\/es\/#website","url":"https:\/\/laspiaggia-canet.com\/es\/","name":"La Spiaggia","description":"","publisher":{"@id":"https:\/\/laspiaggia-canet.com\/es\/#organization"},"potentialAction":[{"@type":"SearchAction","target":{"@type":"EntryPoint","urlTemplate":"https:\/\/laspiaggia-canet.com\/es\/?s={search_term_string}"},"query-input":{"@type":"PropertyValueSpecification","valueRequired":true,"valueName":"search_term_string"}}],"inLanguage":"es"},{"@type":"Organization","@id":"https:\/\/laspiaggia-canet.com\/es\/#organization","name":"La Spiaggia","url":"https:\/\/laspiaggia-canet.com\/es\/","logo":{"@type":"ImageObject","inLanguage":"es","@id":"https:\/\/laspiaggia-canet.com\/es\/#\/schema\/logo\/image\/","url":"http:\/\/spiaggia.nanobrasserie.com\/wp-content\/uploads\/2025\/01\/logo.png","contentUrl":"http:\/\/spiaggia.nanobrasserie.com\/wp-content\/uploads\/2025\/01\/logo.png","width":2447,"height":1204,"caption":"La Spiaggia"},"image":{"@id":"https:\/\/laspiaggia-canet.com\/es\/#\/schema\/logo\/image\/"}}]}},"_links":{"self":[{"href":"https:\/\/laspiaggia-canet.com\/es\/wp-json\/wp\/v2\/pages\/184","targetHints":{"allow":["GET"]}}],"collection":[{"href":"https:\/\/laspiaggia-canet.com\/es\/wp-json\/wp\/v2\/pages"}],"about":[{"href":"https:\/\/laspiaggia-canet.com\/es\/wp-json\/wp\/v2\/types\/page"}],"author":[{"embeddable":true,"href":"https:\/\/laspiaggia-canet.com\/es\/wp-json\/wp\/v2\/users\/1"}],"replies":[{"embeddable":true,"href":"https:\/\/laspiaggia-canet.com\/es\/wp-json\/wp\/v2\/comments?post=184"}],"version-history":[{"count":1,"href":"https:\/\/laspiaggia-canet.com\/es\/wp-json\/wp\/v2\/pages\/184\/revisions"}],"predecessor-version":[{"id":193,"href":"https:\/\/laspiaggia-canet.com\/es\/wp-json\/wp\/v2\/pages\/184\/revisions\/193"}],"wp:attachment":[{"href":"https:\/\/laspiaggia-canet.com\/es\/wp-json\/wp\/v2\/media?parent=184"}],"curies":[{"name":"wp","href":"https:\/\/api.w.org\/{rel}","templated":true}]}}